{"id":498,"date":"2023-05-23T10:07:33","date_gmt":"2023-05-23T09:07:33","guid":{"rendered":"http:\/\/boutiquedelmantel.ymanera.es\/?page_id=498"},"modified":"2025-02-20T09:46:47","modified_gmt":"2025-02-20T09:46:47","slug":"convenios-y-encomiendas","status":"publish","type":"page","link":"https:\/\/boutiquedelmantel.com\/?page_id=498","title":{"rendered":"Convenios y encomiendas"},"content":{"rendered":"<p>[et_pb_section fb_built=\u00bb1&#8243; admin_label=\u00bbsection\u00bb _builder_version=\u00bb4.16&#8243; global_colors_info=\u00bb{}\u00bb theme_builder_area=\u00bbpost_content\u00bb][et_pb_row admin_label=\u00bbrow\u00bb _builder_version=\u00bb4.16&#8243; background_size=\u00bbinitial\u00bb background_position=\u00bbtop_left\u00bb background_repeat=\u00bbrepeat\u00bb global_colors_info=\u00bb{}\u00bb theme_builder_area=\u00bbpost_content\u00bb][et_pb_column type=\u00bb4_4&#8243; _builder_version=\u00bb4.16&#8243; custom_padding=\u00bb|||\u00bb global_colors_info=\u00bb{}\u00bb custom_padding__hover=\u00bb|||\u00bb theme_builder_area=\u00bbpost_content\u00bb][et_pb_text admin_label=\u00bbText\u00bb _builder_version=\u00bb4.27.2&#8243; background_size=\u00bbinitial\u00bb background_position=\u00bbtop_left\u00bb background_repeat=\u00bbrepeat\u00bb hover_enabled=\u00bb0&#8243; global_colors_info=\u00bb{}\u00bb theme_builder_area=\u00bbpost_content\u00bb sticky_enabled=\u00bb0&#8243;]<\/p>\n<p>No son aplicables a la empresa las normas referidas a la publicaci\u00f3n de convenios, dado que la empresa no se encuentra sometida a la\u00a0<a href=\"https:\/\/www.boe.es\/buscar\/act.php?id=BOE-A-2017-12902\">Ley de Contratos del Sector P\u00fablico. la Ley 9\/2017<\/a>, de 8 de noviembre, de Contratos del Sector P\u00fablico, por la que se transponen al ordenamiento jur\u00eddico espa\u00f1ol las Directivas del Parlamento Europea y del Consejo 214\/23\/UE y 2014\/24\/UE, de 26 de febrero de 2014.<\/p>\n<p>Adem\u00e1s, la empresa, no firm\u00f3 en 2024 ning\u00fan convenio con ninguna administraci\u00f3n p\u00fablica.<\/p>\n<p style=\"text-align: right;\">\u00daLTIMA ACTUALIZACI\u00d3N:<br \/><strong>6 DE FEBRERO DE 2025<\/strong><\/p>\n<p>[\/et_pb_text][\/et_pb_column][\/et_pb_row][\/et_pb_section]<\/p>\n","protected":false},"excerpt":{"rendered":"<p>No son aplicables a la empresa las normas referidas a la publicaci\u00f3n de convenios, dado que la empresa no se encuentra sometida a la\u00a0Ley de Contratos del Sector P\u00fablico. la Ley 9\/2017, de 8 de noviembre, de Contratos del Sector P\u00fablico, por la que se transponen al ordenamiento jur\u00eddico espa\u00f1ol las Directivas del Parlamento Europea [&hellip;]<\/p>\n","protected":false},"author":1,"featured_media":0,"parent":476,"menu_order":0,"comment_status":"closed","ping_status":"closed","template":"","meta":{"_et_pb_use_builder":"on","_et_pb_old_content":"No son aplicables a la empresa las normas referidas a la publicaci\u00f3n de convenios, dado que la empresa no se encuentra sometida a la\u00a0<a href=\"https:\/\/www.boe.es\/buscar\/act.php?id=BOE-A-2017-12902\">Ley de Contratos del Sector P\u00fablico. la Ley 9\/2017<\/a>, de 8 de noviembre, de Contratos del Sector P\u00fablico, por la que se transponen al ordenamiento jur\u00eddico espa\u00f1ol las Directivas del Parlamento Europea y del Consejo 214\/23\/UE y 2014\/24\/UE, de 26 de febrero de 2014.\r\n\r\nAdem\u00e1s, la empresa, no firm\u00f3 en 2021 ning\u00fan convenio con ninguna administraci\u00f3n p\u00fablica.\r\n<p style=\"text-align: right;\"><strong>\u00daLTIMA ACTUALIZACI\u00d3N: 13 DE JULIO 2022<\/strong><\/p>","_et_gb_content_width":"","footnotes":""},"class_list":["post-498","page","type-page","status-publish","hentry"],"_links":{"self":[{"href":"https:\/\/boutiquedelmantel.com\/index.php?rest_route=\/wp\/v2\/pages\/498","targetHints":{"allow":["GET"]}}],"collection":[{"href":"https:\/\/boutiquedelmantel.com\/index.php?rest_route=\/wp\/v2\/pages"}],"about":[{"href":"https:\/\/boutiquedelmantel.com\/index.php?rest_route=\/wp\/v2\/types\/page"}],"author":[{"embeddable":true,"href":"https:\/\/boutiquedelmantel.com\/index.php?rest_route=\/wp\/v2\/users\/1"}],"replies":[{"embeddable":true,"href":"https:\/\/boutiquedelmantel.com\/index.php?rest_route=%2Fwp%2Fv2%2Fcomments&post=498"}],"version-history":[{"count":3,"href":"https:\/\/boutiquedelmantel.com\/index.php?rest_route=\/wp\/v2\/pages\/498\/revisions"}],"predecessor-version":[{"id":558,"href":"https:\/\/boutiquedelmantel.com\/index.php?rest_route=\/wp\/v2\/pages\/498\/revisions\/558"}],"up":[{"embeddable":true,"href":"https:\/\/boutiquedelmantel.com\/index.php?rest_route=\/wp\/v2\/pages\/476"}],"wp:attachment":[{"href":"https:\/\/boutiquedelmantel.com\/index.php?rest_route=%2Fwp%2Fv2%2Fmedia&parent=498"}],"curies":[{"name":"wp","href":"https:\/\/api.w.org\/{rel}","templated":true}]}}