{"id":496,"date":"2023-05-23T10:06:56","date_gmt":"2023-05-23T09:06:56","guid":{"rendered":"http:\/\/boutiquedelmantel.ymanera.es\/?page_id=496"},"modified":"2025-02-20T13:03:25","modified_gmt":"2025-02-20T13:03:25","slug":"derechos-de-acceso","status":"publish","type":"page","link":"https:\/\/boutiquedelmantel.com\/?page_id=496","title":{"rendered":"Derechos de acceso"},"content":{"rendered":"<p><strong>\u00d3rgano competente<\/strong><\/p>\n<p>El gerente de la entidad es la persona competente para conocer de las solicitudes de acceso.<\/p>\n<p><strong>Estad\u00edsticas de derechos de acceso<\/strong><\/p>\n<p>No se han recibido solicitudes de derechos de acceso a la informaci\u00f3n p\u00fablica en el a\u00f1o 2024, en el sentido del art\u00edculo 33 de la Ley canaria 12\/2014, de 26 de diciembre de transparencia y de acceso a la informaci\u00f3n p\u00fablica.<\/p>\n<p>El encargado de dar respuesta a cualquier solicitud de acceso a la informaci\u00f3n p\u00fablica ser\u00e1 el gerente de la entidad.<\/p>\n<p><strong>Reclamaciones sobre solicitudes presentadas ante el Comisionado de Transparencia<\/strong><\/p>\n<p>No existen reclamaciones presentadas ante el Comisionado de Transparencia en 2024.<\/p>\n<p>La reclamaci\u00f3n podr\u00e1 presentarse en el registro del comisionado de Transparencia y Acceso a la Informaci\u00f3n P\u00fablica y en cualquiera de los lugares previstos para la presentaci\u00f3n de escritos dirigidos a la administraci\u00f3n p\u00fablica de la Comunidad Aut\u00f3noma de Canarias; es decir, registros oficiales del Gobierno de Canarias, Cabildos y Ayuntamientos, principalmente.<\/p>\n<p>Para m\u00e1s informaci\u00f3n, acceda a la web del Comisionado de Transparencia.<a href=\"https:\/\/sede.transparenciacanarias.org\/\">Comisionado de Transparencia<\/a><\/p>\n<p><strong>Resoluciones denegatorias previa disociaci\u00f3n de los datos de car\u00e1cter personal<\/strong><\/p>\n<p>No existen resoluciones denegatorias de informaci\u00f3n de acceso de la Informaci\u00f3n P\u00fablica, en el sentido del art\u00edculo 14 de la Ley 19\/2013 de 9 de diciembre, de transparencia, acceso a la informaci\u00f3n p\u00fablica y buen gobierno<\/p>\n<p><strong>Ejercitar derecho de acceso<\/strong><\/p>\n<p>Adem\u00e1s de la informaci\u00f3n que se publica en este portal, toda la ciudadan\u00eda puede acceder a la informaci\u00f3n p\u00fablica en los t\u00e9rminos de la citada normativa a trav\u00e9s de:<\/p>\n<ul>\n<li>Correo electr\u00f3nico: vicentehdezmendez2017@gmail.com<\/li>\n<li>Presencialmente en nuestra sede, ubicada calle del Lomo 7, C.P. 38400 de Puerto de la Cruz<\/li>\n<li>A trav\u00e9s de la <a href=\"https:\/\/boutiquedelmantel.com\/transparencia\/ventanilla-unica\/\">Ventanilla \u00danica\u00a0de nuestra web<\/a><\/li>\n<li>Puede interponer reclamaciones en materia de transparencia ante el <a href=\"https:\/\/transparenciacanarias.org\/\">Comisionado de Transparencia de Canarias<\/a><\/li>\n<li>Formulario RGPD (no disponible)<\/li>\n<li>Modelo de solicitud de acceso a la Informaci\u00f3n P\u00fablica (no disponible)<\/li>\n<\/ul>\n<p style=\"text-align: right;\">\u00daLTIMA ACTUALIZACI\u00d3N:<br \/>\n<strong>6 DE FEBRERO DE 2025<\/strong><\/p>\n","protected":false},"excerpt":{"rendered":"<p>\u00d3rgano competente El gerente de la entidad es la persona competente para conocer de las solicitudes de acceso. Estad\u00edsticas de derechos de acceso No se han recibido solicitudes de derechos de acceso a la informaci\u00f3n p\u00fablica en el a\u00f1o 2024, en el sentido del art\u00edculo 33 de la Ley canaria 12\/2014, de 26 de diciembre [&hellip;]<\/p>\n","protected":false},"author":1,"featured_media":0,"parent":476,"menu_order":0,"comment_status":"closed","ping_status":"closed","template":"","meta":{"_et_pb_use_builder":"","_et_pb_old_content":"","_et_gb_content_width":"","footnotes":""},"class_list":["post-496","page","type-page","status-publish","hentry"],"_links":{"self":[{"href":"https:\/\/boutiquedelmantel.com\/index.php?rest_route=\/wp\/v2\/pages\/496","targetHints":{"allow":["GET"]}}],"collection":[{"href":"https:\/\/boutiquedelmantel.com\/index.php?rest_route=\/wp\/v2\/pages"}],"about":[{"href":"https:\/\/boutiquedelmantel.com\/index.php?rest_route=\/wp\/v2\/types\/page"}],"author":[{"embeddable":true,"href":"https:\/\/boutiquedelmantel.com\/index.php?rest_route=\/wp\/v2\/users\/1"}],"replies":[{"embeddable":true,"href":"https:\/\/boutiquedelmantel.com\/index.php?rest_route=%2Fwp%2Fv2%2Fcomments&post=496"}],"version-history":[{"count":3,"href":"https:\/\/boutiquedelmantel.com\/index.php?rest_route=\/wp\/v2\/pages\/496\/revisions"}],"predecessor-version":[{"id":583,"href":"https:\/\/boutiquedelmantel.com\/index.php?rest_route=\/wp\/v2\/pages\/496\/revisions\/583"}],"up":[{"embeddable":true,"href":"https:\/\/boutiquedelmantel.com\/index.php?rest_route=\/wp\/v2\/pages\/476"}],"wp:attachment":[{"href":"https:\/\/boutiquedelmantel.com\/index.php?rest_route=%2Fwp%2Fv2%2Fmedia&parent=496"}],"curies":[{"name":"wp","href":"https:\/\/api.w.org\/{rel}","templated":true}]}}